{"id":2593,"date":"2021-01-25T20:45:40","date_gmt":"2021-01-25T19:45:40","guid":{"rendered":"https:\/\/parafia-duszniki.pl\/?page_id=2593"},"modified":"2021-02-06T15:33:06","modified_gmt":"2021-02-06T14:33:06","slug":"grupa-aa-tecza-duszniki","status":"publish","type":"page","link":"https:\/\/parafia-duszniki.pl\/index.php\/grupa-aa-tecza-duszniki\/","title":{"rendered":"Grupa AA &#8222;T\u0118CZA&#8221; Duszniki"},"content":{"rendered":"\n<p>Spotkania grupy AA &#8222;T\u0118CZA&#8221; Duszniki odbywaj\u0105 si\u0119 w soboty o godz.18:15<br> (w okresie letnim b\u0119dzie zmiana godziny) po Mszy \u015bw. w salce parafialnej przy plebanii.<\/p>\n\n\n\n<p>Zapraszamy zainteresowane osoby .<\/p>\n","protected":false},"excerpt":{"rendered":"<p>Spotkania grupy AA &#8222;T\u0118CZA&#8221; Duszniki odbywaj\u0105 si\u0119 w soboty o godz.18:15 (w okresie letnim b\u0119dzie zmiana godziny) po Mszy \u015bw. w salce parafialnej przy plebanii. Zapraszamy zainteresowane osoby .<\/p>\n","protected":false},"author":1,"featured_media":0,"parent":0,"menu_order":0,"comment_status":"closed","ping_status":"closed","template":"","meta":{"ngg_post_thumbnail":0,"footnotes":""},"class_list":["post-2593","page","type-page","status-publish","hentry"],"_links":{"self":[{"href":"https:\/\/parafia-duszniki.pl\/index.php\/wp-json\/wp\/v2\/pages\/2593","targetHints":{"allow":["GET"]}}],"collection":[{"href":"https:\/\/parafia-duszniki.pl\/index.php\/wp-json\/wp\/v2\/pages"}],"about":[{"href":"https:\/\/parafia-duszniki.pl\/index.php\/wp-json\/wp\/v2\/types\/page"}],"author":[{"embeddable":true,"href":"https:\/\/parafia-duszniki.pl\/index.php\/wp-json\/wp\/v2\/users\/1"}],"replies":[{"embeddable":true,"href":"https:\/\/parafia-duszniki.pl\/index.php\/wp-json\/wp\/v2\/comments?post=2593"}],"version-history":[{"count":3,"href":"https:\/\/parafia-duszniki.pl\/index.php\/wp-json\/wp\/v2\/pages\/2593\/revisions"}],"predecessor-version":[{"id":2612,"href":"https:\/\/parafia-duszniki.pl\/index.php\/wp-json\/wp\/v2\/pages\/2593\/revisions\/2612"}],"wp:attachment":[{"href":"https:\/\/parafia-duszniki.pl\/index.php\/wp-json\/wp\/v2\/media?parent=2593"}],"curies":[{"name":"wp","href":"https:\/\/api.w.org\/{rel}","templated":true}]}}