{"id":28,"date":"2019-09-04T20:48:45","date_gmt":"2019-09-04T18:48:45","guid":{"rendered":"http:\/\/parafia-duszniki.pl\/?page_id=28"},"modified":"2020-04-05T16:13:48","modified_gmt":"2020-04-05T14:13:48","slug":"msze-sw-i-nabozenstwa","status":"publish","type":"page","link":"https:\/\/parafia-duszniki.pl\/index.php\/msze-sw-i-nabozenstwa\/","title":{"rendered":"Msze \u015bwi\u0119te, nabo\u017ce\u0144stwa, sakramenty"},"content":{"rendered":"<table width=\"100%\">\n<tbody>\n<tr>\n<td width=\"209\">\n<p><strong>MSZE \u015aWI\u0118TE<\/strong><\/p>\n<\/td>\n<td width=\"416\">\n<p>GODZINA\/DNI<\/p>\n<\/td>\n<\/tr>\n<tr>\n<td width=\"209\">\n<p><span style=\"color: rgb(255, 0, 0);\">Niedziele i \u015awi\u0119ta<\/span><\/p>\n<\/td>\n<td width=\"416\">\n<p><span style=\"color: rgb(255, 0, 0);\">7:30 GODZINKI<\/span><\/p>\n<p><span style=\"color: rgb(255, 0, 0);\">08.00<\/span><\/p>\n<p><span style=\"color: rgb(255, 0, 0);\">10.30 (z udzia\u0142em dzieci)&nbsp;<\/span><\/p>\n<p><span style=\"color: rgb(255, 0, 0);\">17:00 (w okresie obowi\u0105zywania czasu zimowego)<\/span><\/p>\n<p><span style=\"color: rgb(255, 0, 0);\">18:00 (w okresie obowi\u0105zywania czasu letniego)<\/span><\/p>\n<\/td>\n<\/tr>\n<tr>\n<td width=\"209\">\n<p>Dni powszednie<\/p>\n<\/td>\n<td width=\"416\">\n<p>17:00 (w okresie obowi\u0105zywania czasu zimowego)<\/p>\n<p>18:00 (w okresie obowi\u0105zywania czasu letniego)<\/p>\n<\/td>\n<\/tr>\n<tr>\n<td width=\"209\">\n<p><strong>NABO\u017bE\u0143STWO<\/strong><\/p>\n<\/td>\n<td width=\"416\">&nbsp;<\/td>\n<\/tr>\n<tr>\n<td width=\"209\">\n<p>przez ca\u0142y rok liturgiczny<\/p>\n<\/td>\n<td width=\"416\">\n<p><span style=\"color: rgb(0, 0, 255);\">Nabo\u017ce\u0144stwo Pierwszych Sob\u00f3t Miesi\u0105ca<\/span> &#8211; w pierwsz\u0105 sobot\u0119 miesi\u0105ca. P\u00f3\u0142 godziny przed Msz\u0105 \u015bw. R\u00f3\u017caniec, po nim Msza \u015bw. wynagradzaj\u0105ca Niepokalanemu Sercu Marii<\/p>\n<\/td>\n<\/tr>\n<tr>\n<td width=\"209\">\n<p>przez ca\u0142y rok liturgiczny<\/p>\n<\/td>\n<td width=\"416\">\n<p><span style=\"color: rgb(0, 0, 255);\">Nabo\u017ce\u0144stwo do \u015awi\u0119tego J\u00f3zefa<\/span> &#8211; we wtorki po Mszy \u015bw.<\/p>\n<\/td>\n<\/tr>\n<tr>\n<td width=\"209\">\n<p>przez ca\u0142y rok liturgiczny<\/p>\n<\/td>\n<td width=\"416\">\n<p><span style=\"color: rgb(0, 0, 255);\">Nowenna do Matki Bo\u017cej Nieustaj\u0105cej Pomocy<\/span> &#8211; w \u015brody po Mszy \u015bw.<\/p>\n<\/td>\n<\/tr>\n<tr>\n<td>\n<p>13-go ka\u017cdego miesi\u0105ca<\/p>\n<\/td>\n<td>\n<p><span style=\"color: rgb(0, 0, 255);\">Nabo\u017ce\u0144stwo ku czci Matki Boskiej Fatimskiej<\/span><\/p>\n<\/td>\n<\/tr>\n<tr>\n<td>\n<p>maj<\/p>\n<\/td>\n<td>\n<p><span style=\"color: rgb(0, 0, 255);\">Nabo\u017ce\u0144stwo majowe<\/span><\/p>\n<\/td>\n<\/tr>\n<tr>\n<td>\n<p>pa\u017adziernik<\/p>\n<\/td>\n<td>\n<p><span style=\"color: rgb(0, 0, 255);\">Nabo\u017ce\u0144stwo r\u00f3\u017ca\u0144cowe<\/span><\/p>\n<p>dla dzieci \u2013 godz. 17:00<\/p>\n<p>dla pozosta\u0142ych &#8211; po Mszy \u015bw. o godz.18<\/p>\n<\/td>\n<\/tr>\n<tr>\n<td width=\"209\">\n<p><strong>SAKRAMENTY<\/strong><\/p>\n<\/td>\n<td width=\"416\">&nbsp;<\/td>\n<\/tr>\n<tr>\n<td width=\"209\">\n<p>chrzest \u015bwi\u0119ty<\/p>\n<\/td>\n<td width=\"416\">\n<p>w ostatni\u0105 sobot\u0119 miesi\u0105ca na Mszy \u015bw.<\/p>\n<p>18.00<\/p>\n<\/td>\n<\/tr>\n<tr>\n<td width=\"209\">\n<p>spowied\u017a \u015bwi\u0119ta<\/p>\n<\/td>\n<td width=\"416\">\n<p>codziennie kwadrans przed Msz\u0105 \u015bw.<\/p>\n<\/td>\n<\/tr>\n<tr>\n<td width=\"209\">\n<p>komunia \u015bwi\u0119ta \u2013&nbsp;odwiedziny chorych<\/p>\n<\/td>\n<td width=\"416\">\n<p>w pierwsze pi\u0105tki miesi\u0105ca od 9:00<\/p>\n<\/td>\n<\/tr>\n<\/tbody>\n<\/table>\n\n\n<p><\/p>\n","protected":false},"excerpt":{"rendered":"<p>MSZE \u015aWI\u0118TE GODZINA\/DNI Niedziele i \u015awi\u0119ta 7:30 GODZINKI 08.00 10.30 (z udzia\u0142em dzieci)&nbsp; 17:00 (w okresie obowi\u0105zywania czasu zimowego) 18:00 (w okresie obowi\u0105zywania czasu letniego) Dni powszednie 17:00 (w okresie obowi\u0105zywania czasu zimowego) 18:00 (w okresie obowi\u0105zywania czasu letniego) NABO\u017bE\u0143STWO &nbsp; przez ca\u0142y rok liturgiczny Nabo\u017ce\u0144stwo Pierwszych Sob\u00f3t Miesi\u0105ca &#8211; w pierwsz\u0105 sobot\u0119 miesi\u0105ca. P\u00f3\u0142 &hellip; <a href=\"https:\/\/parafia-duszniki.pl\/index.php\/msze-sw-i-nabozenstwa\/\" class=\"more-link\">Czytaj dalej<span class=\"screen-reader-text\"> \u201eMsze \u015bwi\u0119te, nabo\u017ce\u0144stwa, sakramenty\u201d<\/span><\/a><\/p>\n","protected":false},"author":1,"featured_media":0,"parent":0,"menu_order":0,"comment_status":"closed","ping_status":"closed","template":"","meta":{"ngg_post_thumbnail":0,"footnotes":""},"class_list":["post-28","page","type-page","status-publish","hentry"],"_links":{"self":[{"href":"https:\/\/parafia-duszniki.pl\/index.php\/wp-json\/wp\/v2\/pages\/28","targetHints":{"allow":["GET"]}}],"collection":[{"href":"https:\/\/parafia-duszniki.pl\/index.php\/wp-json\/wp\/v2\/pages"}],"about":[{"href":"https:\/\/parafia-duszniki.pl\/index.php\/wp-json\/wp\/v2\/types\/page"}],"author":[{"embeddable":true,"href":"https:\/\/parafia-duszniki.pl\/index.php\/wp-json\/wp\/v2\/users\/1"}],"replies":[{"embeddable":true,"href":"https:\/\/parafia-duszniki.pl\/index.php\/wp-json\/wp\/v2\/comments?post=28"}],"version-history":[{"count":7,"href":"https:\/\/parafia-duszniki.pl\/index.php\/wp-json\/wp\/v2\/pages\/28\/revisions"}],"predecessor-version":[{"id":1549,"href":"https:\/\/parafia-duszniki.pl\/index.php\/wp-json\/wp\/v2\/pages\/28\/revisions\/1549"}],"wp:attachment":[{"href":"https:\/\/parafia-duszniki.pl\/index.php\/wp-json\/wp\/v2\/media?parent=28"}],"curies":[{"name":"wp","href":"https:\/\/api.w.org\/{rel}","templated":true}]}}