{"id":38,"date":"2019-09-04T20:50:36","date_gmt":"2019-09-04T18:50:36","guid":{"rendered":"http:\/\/parafia-duszniki.pl\/?page_id=38"},"modified":"2026-04-18T22:32:38","modified_gmt":"2026-04-18T20:32:38","slug":"ogloszenia","status":"publish","type":"page","link":"https:\/\/parafia-duszniki.pl\/index.php\/ogloszenia\/","title":{"rendered":"Og\u0142oszenia"},"content":{"rendered":"\n<p class=\"has-bright-blue-color has-text-color\"><b>OG\u0141OSZENIA PARAFIALNE&nbsp;&nbsp;&nbsp;&nbsp;&nbsp;&nbsp;&nbsp;&nbsp;&nbsp;&nbsp;&nbsp;&nbsp;&nbsp;&nbsp;&nbsp;&nbsp;&nbsp;<\/b><strong><b>&nbsp;&nbsp;&nbsp;<\/b>19<\/strong> <strong>kwietnia 2026 roku<\/strong><\/p>\n\n\n\n<p class=\"has-bright-blue-color has-text-color has-link-color wp-elements-8003af3dab8353b15590441671f94d12\"><strong style=\"font-weight: bold;\"><strong>III NIEDZIELA WIELKANOCNA<\/strong><\/strong><\/p>\n\n\n\n<ol class=\"wp-block-list\">\n<li><strong>Dzi\u015b Niedziela Biblijna<\/strong> i pocz\u0105tek Tygodnia Biblijnego. Narodowy Dzie\u0144 czytania Pisma \u015bw.<br><strong>Po Mszy \u015bw. o 10.30 pierwsza spowied\u017a \u015bw. dzieci I \u2013 komunijnych<\/strong>.<br>To trzecia niedziela miesi\u0105ca \u2013 sk\u0142adka przeznaczona na cele remontowe parafii.<\/li>\n\n\n\n<li><strong>Od jutra, a\u017c do pi\u0105tku w\u0142\u0105cznie Msze \u015bw. codziennie o godz. 18.00 w salce parafialnej<\/strong>, ze wzgl\u0119du na fumigacj\u0119 ko\u015bcio\u0142a.<\/li>\n\n\n\n<li><strong>Objazd chorych<\/strong> w \u015brod\u0119 i czwartek \u2013 22, 23 kwietnia \u2013 od godz. 9.00 wg sta\u0142ego porz\u0105dku.<\/li>\n\n\n\n<li><strong>Od tego tygodnia w biurze parafialnym b\u0119d\u0105&nbsp; <\/strong>przyjmowane intencje mszalne od lipca do grudnia br. i wymienianki na drugie p\u00f3\u0142rocze tego roku.<strong> B<\/strong><strong>iuro &nbsp;b\u0119dzie czynne dodatkowo we wtorek w godz.&nbsp;&nbsp;10 -12.00&nbsp; &nbsp;\/ zamiast \u015brody, ze wzgl. na objazd chorych \/.<\/strong><\/li>\n\n\n\n<li><strong>W pi\u0105tek po mszy sw. w salce nauka przed chrztem dla rodzic\u00f3w i chrzestnych dzieci,<\/strong> kt\u00f3re maj\u0105 by\u0107 ochrzczone w najbli\u017cszym czasie.<\/li>\n\n\n\n<li><strong>Za tydzie\u0144 na Msz\u0119 \u015bw. wieczorn\u0105 zapraszam szczeg\u00f3lnie m\u0142odzie\u017c, w szczeg\u00f3lno\u015bci przygotowuj\u0105c\u0105 si\u0119 do sakramentu bierzmowania.<\/strong><\/li>\n\n\n\n<li><strong>W tygodniu w liturgii:<\/strong> w czwartek. \u2013 uroczysto\u015b\u0107 \u015bw. Wojciecha Biskupa i M\u0119czennika \u2013 g\u0142. patrona Polski i Archidiecezji., w sobot\u0119 \u015bwi\u0119to \u015bw. Marka \u2013 Ew.<\/li>\n\n\n\n<li>Prasa katolicka \u201e Przewodnik Katolicki\u201d \u201eGo\u015b\u0107 Niedzielny\u201d do nabycia pod ch\u00f3rem.<\/li>\n\n\n\n<li><strong>Dzi\u0119kuj\u0119 Panu Bogu za udan\u0105 pielgrzymk\u0119, Ojcu Izydorowi za trud pracy duszpasterskiej<\/strong> w ostatnich dw\u00f3ch tygodniach. Dzi\u0119kuj\u0119 r\u00f3wnie\u017c P. Rafa\u0142owi za demonta\u017c Grobu Pa\u0144skiego oraz P. Markowi za \u015bci\u0119cie kolejnego drzewa na cmentarzu, Paniom za posprz\u0105tanie ko\u015bcio\u0142a i za wszelkie gesty dobrej woli na rzecz parafii. B\u00f3g zap\u0142a\u0107. \u017bycz\u0119 b\u0142ogos\u0142awionego tygodnia. Szcz\u0119\u015b\u0107 Bo\u017ce.<\/li>\n<\/ol>\n\n\n\n<p><a href=\"https:\/\/parafia-duszniki.pl\/wp-content\/uploads\/2026\/04\/19_04_26_OGLOSZENIA.pdf\">2026-04-20\u2013 2026-04-26 Pobierz<\/a><\/p>\n\n\n\n<p><a href=\"https:\/\/parafia-duszniki.pl\/wp-content\/uploads\/2026\/04\/12_04_26_OGLOSZENIA.pdf\">2026-04-13\u2013 2026-04-19 Pobierz<\/a><\/p>\n\n\n\n<p><a href=\"https:\/\/parafia-duszniki.pl\/wp-content\/uploads\/2026\/04\/05_04_26_OGLOSZENIA.pdf\">2026-04-06\u2013 2026-04-13 Pobierz<\/a><\/p>\n\n\n\n<p><a href=\"https:\/\/parafia-duszniki.pl\/wp-content\/uploads\/2026\/03\/29_03_26_OGLOSZENIA.pdf\">2026-03-30\u2013 2026-04-06 Pobierz<\/a><\/p>\n\n\n\n<p><a href=\"https:\/\/parafia-duszniki.pl\/wp-content\/uploads\/2026\/03\/22_03_26_OGLOSZENIA.pdf\">2026-03-22\u2013 2026-03-29 Pobierz<\/a><\/p>\n\n\n\n<p><a href=\"https:\/\/parafia-duszniki.pl\/wp-content\/uploads\/2026\/03\/15_03_26_OGLOSZENIA.pdf\">2026-03-16\u2013 2026-03-22 Pobierz<\/a><\/p>\n\n\n\n<p><a href=\"https:\/\/parafia-duszniki.pl\/wp-content\/uploads\/2026\/03\/08_03_26_OGLOSZENIA.pdf\">2026-03-09\u2013 2026-03-15 Pobierz<\/a><\/p>\n\n\n\n<p><a href=\"https:\/\/parafia-duszniki.pl\/wp-content\/uploads\/2026\/02\/01_03_26_OGLOSZENIA.pdf\">2026-03-02\u2013 2026-03-08 Pobierz<\/a><\/p>\n\n\n\n<p><a href=\"https:\/\/parafia-duszniki.pl\/wp-content\/uploads\/2026\/02\/22_02_26_OGLOSZENIA.pdf\">2026-02-23\u2013 2026-03-01 Pobierz<\/a><\/p>\n\n\n\n<p><a href=\"https:\/\/parafia-duszniki.pl\/wp-content\/uploads\/2026\/02\/15_02_26_OGLOSZENIA.pdf\">2026-02-16\u2013 2026-02-22 Pobierz<\/a><\/p>\n\n\n\n<p><a href=\"https:\/\/parafia-duszniki.pl\/wp-content\/uploads\/2026\/02\/08_02_26_OGLOSZENIA.pdf\">2026-02-09\u2013 2026-02-15 Pobierz<\/a><\/p>\n\n\n\n<p><a href=\"https:\/\/parafia-duszniki.pl\/wp-content\/uploads\/2026\/02\/01_02_26_OGLOSZENIA.pdf\">2026-02-02\u2013 2026-02-08 Pobierz<\/a><\/p>\n\n\n\n<p><a href=\"https:\/\/parafia-duszniki.pl\/wp-content\/uploads\/2026\/01\/25_01_26_OGLOSZENIA.pdf\">2026-01-26\u2013 2026-02-01 Pobierz<\/a><\/p>\n\n\n\n<p><a href=\"https:\/\/parafia-duszniki.pl\/wp-content\/uploads\/2026\/01\/18_01_26_OGLOSZENIA.pdf\">2026-01-19\u2013 2026-01-25 Pobierz<\/a><\/p>\n\n\n\n<p><a href=\"https:\/\/parafia-duszniki.pl\/wp-content\/uploads\/2026\/01\/11_01_26_OGLOSZENIA.pdf\">2026-01-12\u2013 2026-01-18 Pobierz<\/a><\/p>\n\n\n\n<p><a href=\"https:\/\/parafia-duszniki.pl\/wp-content\/uploads\/2026\/01\/04_01_26_OGLOSZENIA.pdf\">2026-01-05\u2013 2026-01-11 Pobierz<\/a><\/p>\n\n\n\n<p><a href=\"https:\/\/parafia-duszniki.pl\/wp-content\/uploads\/2025\/12\/28_12_25_OGLOSZENIA.pdf\">2025-12-27\u2013 2026-01-04 Pobierz<\/a><\/p>\n\n\n\n<p><a href=\"https:\/\/parafia-duszniki.pl\/wp-content\/uploads\/2025\/12\/21_12_25_OGLOSZENIA.pdf\">2025-12-22\u2013 2025-12-28 Pobierz<\/a><\/p>\n\n\n\n<p><a href=\"https:\/\/parafia-duszniki.pl\/wp-content\/uploads\/2025\/12\/14_12_25_OGLOSZENIA.pdf\">2025-12-15\u2013 2025-12-21 Pobierz<\/a><\/p>\n\n\n\n<p><a href=\"https:\/\/parafia-duszniki.pl\/wp-content\/uploads\/2025\/12\/07_12_25_OGLOSZENIA.pdf\">2025-12-08 \u2013 2025-12-14       Pobierz<\/a><\/p>\n","protected":false},"excerpt":{"rendered":"<p>OG\u0141OSZENIA PARAFIALNE&nbsp;&nbsp;&nbsp;&nbsp;&nbsp;&nbsp;&nbsp;&nbsp;&nbsp;&nbsp;&nbsp;&nbsp;&nbsp;&nbsp;&nbsp;&nbsp;&nbsp;&nbsp;&nbsp;&nbsp;19 kwietnia 2026 roku III NIEDZIELA WIELKANOCNA Dzi\u015b Niedziela Biblijna i pocz\u0105tek Tygodnia Biblijnego. Narodowy Dzie\u0144 czytania Pisma \u015bw.Po Mszy \u015bw. o 10.30 pierwsza spowied\u017a \u015bw. dzieci I \u2013 komunijnych.To trzecia niedziela miesi\u0105ca \u2013 sk\u0142adka przeznaczona na cele remontowe parafii. Od jutra, a\u017c do pi\u0105tku w\u0142\u0105cznie Msze \u015bw. codziennie o godz. 18.00 w salce &hellip; <a href=\"https:\/\/parafia-duszniki.pl\/index.php\/ogloszenia\/\" class=\"more-link\">Czytaj dalej<span class=\"screen-reader-text\"> \u201eOg\u0142oszenia\u201d<\/span><\/a><\/p>\n","protected":false},"author":1,"featured_media":0,"parent":0,"menu_order":0,"comment_status":"closed","ping_status":"closed","template":"","meta":{"ngg_post_thumbnail":0,"footnotes":""},"class_list":["post-38","page","type-page","status-publish","hentry"],"_links":{"self":[{"href":"https:\/\/parafia-duszniki.pl\/index.php\/wp-json\/wp\/v2\/pages\/38","targetHints":{"allow":["GET"]}}],"collection":[{"href":"https:\/\/parafia-duszniki.pl\/index.php\/wp-json\/wp\/v2\/pages"}],"about":[{"href":"https:\/\/parafia-duszniki.pl\/index.php\/wp-json\/wp\/v2\/types\/page"}],"author":[{"embeddable":true,"href":"https:\/\/parafia-duszniki.pl\/index.php\/wp-json\/wp\/v2\/users\/1"}],"replies":[{"embeddable":true,"href":"https:\/\/parafia-duszniki.pl\/index.php\/wp-json\/wp\/v2\/comments?post=38"}],"version-history":[{"count":1208,"href":"https:\/\/parafia-duszniki.pl\/index.php\/wp-json\/wp\/v2\/pages\/38\/revisions"}],"predecessor-version":[{"id":10202,"href":"https:\/\/parafia-duszniki.pl\/index.php\/wp-json\/wp\/v2\/pages\/38\/revisions\/10202"}],"wp:attachment":[{"href":"https:\/\/parafia-duszniki.pl\/index.php\/wp-json\/wp\/v2\/media?parent=38"}],"curies":[{"name":"wp","href":"https:\/\/api.w.org\/{rel}","templated":true}]}}