{"id":42,"date":"2019-09-04T20:59:47","date_gmt":"2019-09-04T18:59:47","guid":{"rendered":"http:\/\/parafia-duszniki.pl\/?page_id=42"},"modified":"2023-03-01T10:33:29","modified_gmt":"2023-03-01T09:33:29","slug":"chrzest","status":"publish","type":"page","link":"https:\/\/parafia-duszniki.pl\/index.php\/chrzest\/","title":{"rendered":"Chrzest"},"content":{"rendered":"\n<p>Chrzest \u015bwi\u0119ty jest fundamentem ca\u0142ego \u017cycia chrze\u015bcija\u0144skiego, bram\u0105 \u017cycia w Duchu i bram\u0105 otwieraj\u0105c\u0105 dost\u0119p innych sakrament\u00f3w. Przez chrzest zostajemy wyzwoleni od grzechu i odrodzeni jako synowie Bo\u017cy, stajemy si\u0119 cz\u0142onkami Chrystusa oraz zostajemy wszczepieni w Ko\u015bci\u00f3\u0142 i stajemy si\u0119 uczestnikami jego pos\u0142ania. Chrzest jest sakramentem odrodzenia przez wod\u0119 i w s\u0142owie? (KKK 1213)<br>Chrzest \u015bw. jest sakramentem, w kt\u00f3rym przez polanie wod\u0105 i wym\u00f3wienie s\u0142\u00f3w sakramentalnych cz\u0142owiek otrzymuje odpuszczenie grzechu pierworodnego i wszystkich grzech\u00f3w przed chrztem pope\u0142nionych oraz staje si\u0119 dzieckiem Bo\u017cym i otrzymuje \u017cycie wieczne.<\/p>\n\n\n\n<p>Ustanowi\u0142 go Chrystus i ?powierzy\u0142 wraz z Ewangeli\u0105 swojemu Ko\u015bcio\u0142owi, gdy poleci\u0142 Aposto\u0142om: Id\u017acie i nauczajcie wszystkie narody, udzielaj\u0105c im chrztu w imi\u0119 Ojca i Syna i Ducha \u015awi\u0119tego? (Mt 28, 19).<br>Poprzez chrzest \u015bwi\u0119ty ludzie wchodz\u0105 do wsp\u00f3lnoty Ko\u015bcio\u0142a, uczestnicz\u0105 w powszechnym kap\u0142a\u0144stwie, staj\u0105 si\u0119 uczestnikami Bo\u017cej natury, a wszczepieni w Chrystusa, w jego misterium \u015bmierci i zmartwychwstania przechodz\u0105 ze \u015bmierci grzechu do \u017cycia w \u0142asce.<br>?Ko\u015bci\u00f3\u0142, otrzymawszy polecenie Chrystusowe g\u0142oszenia Ewangelii i udzielania chrztu, ju\u017c od pierwszych wiek\u00f3w chrzci\u0142 nie tylko doros\u0142ych, lecz tak\u017ce niemowl\u0119ta. Zawsze bowiem uwa\u017ca\u0142, \u017ce wed\u0142ug s\u0142\u00f3w Pa\u0144skich: ?Je\u015bli si\u0119 kto\u015b nie odrodzi z wody i Ducha \u015awi\u0119tego, nie mo\u017ce wej\u015b\u0107 do kr\u00f3lestwa Bo\u017cego? (J 3, 5), dzieciom nie nale\u017cy odmawia\u0107 chrztu, poniewa\u017c chrzci si\u0119 je w wierze tego w\u0142a\u015bnie Ko\u015bcio\u0142a, wyznawanej publicznie przez rodzic\u00f3w, przez chrzestnych i przez innych uczestnik\u00f3w.<br>Dla dope\u0142nienia ca\u0142ej prawdy sakramentu trzeba, aby dzieci by\u0142y potem wychowywane w tej wierze, w kt\u00f3rej zosta\u0142y ochrzczone?<br>Chrzest jest pocz\u0105tkiem nowego \u017cycia ? \u017cycia we wsp\u00f3lnocie z Jezusem i z wszystkimi, kt\u00f3rzy w Niego wierz\u0105. Na znak zapocz\u0105tkowania czego\u015b nowego otrzymuj\u0105cy chrzest zostaje nazwany po imieniu. Przewa\u017cnie jest to imi\u0119 \u015bwi\u0119tego, kt\u00f3ry ma by\u0107 nam w \u017cyciu wzorem i patronem.<br>Przyj\u0119cie chrztu poci\u0105ga za sob\u0105 konsekwencje. Cz\u0142owiek ochrzczony winien \u017cy\u0107 inaczej ni\u017c nie ochrzczony, bowiem dla niego miar\u0105 \u017cycia sta\u0142 si\u0119 Chrystus. Chrzest nie mo\u017ce by\u0107 tylko wydarzeniem z przesz\u0142o\u015bci. Sakrament ten stawia przed nami zadania nieustannego upodabniania si\u0119 do Chrystusa. Dla chrze\u015bcijanina oznacza to przyj\u0119cie tego, co Jezus nakazuje: uznanie potrzeb bli\u017anich za swoje, stawanie po stronie cierpi\u0105cych i s\u0142abych, szukanie woli Bo\u017cej w ka\u017cdym zdarzeniu i jednoczenie si\u0119 przez mi\u0142o\u015b\u0107 z Bogiem.<\/p>\n\n\n\n<p>Obowi\u0105zki rodzic\u00f3w dziecka:<br>\u2013 przygotowuj\u0105 si\u0119 do chrztu dziecka,<br>\u2013 s\u0105 obecni,<br>\u2013 publicznie prosz\u0105 o chrzest,<br>\u2013 kre\u015bl\u0105 znak krzy\u017ca na czole dziecka,<br>\u2013 wyrzekaj\u0105 si\u0119 szatana,<br>\u2013 sk\u0142adaj\u0105 wyznanie wiary,<br>\u2013 nios\u0105 niemowl\u0119 do chrzcielnicy,<br>\u2013 otrzymuj\u0105 specjalne b\u0142ogos\u0142awie\u0144stwo,<br>\u2013 doprowadzaj\u0105 dziecko po chrzcie do poznania Boga (spowied\u017a \u015bw, I Komunia \u015bw., bierzmowanie),<br>\u2013 s\u0105 \u015bwiadkami wiary dla dziecka,<br>\u2013 przekazuj\u0105 wiar\u0119 wtedy, kiedy ni\u0105 \u017cyj\u0105 na co dzie\u0144,<br>\u2013 spe\u0142niaj\u0105 obowi\u0105zki religijne (modlitwa, Msza \u015bw., sakramenty \u015bw.),<br>\u2013 razem modl\u0105 si\u0119 z dzieckiem i za dziecko,<br>\u2013 wyja\u015bniaj\u0105 dziecku odpowiednie znaki religijne, znaczenie \u015bwi\u0105t i przygotowuj\u0105 si\u0119 do nich,<br>\u2013 obchodz\u0105 z dzieckiem rocznice chrztu,<br>\u2013 \u015bwi\u0119tuj\u0105 dzie\u0144 Patrona,<br>\u2013 ucz\u0105 mi\u0142o\u015bci bli\u017aniego (brak k\u0142\u00f3tni w domu, s\u0105siedztwie, pomoc s\u0105siedzka, przebaczenie, uczciwo\u015b\u0107 szacunek dla starszych),<br>\u2013 zawierzaj\u0105 dziecko Bogu:<\/p>\n\n\n\n<p>Obowi\u0105zki rodzic\u00f3w chrzestnych:<br>\u2013 wyznaczeni przez rodzic\u00f3w<br>\u2013 przyj\u0119li sakramenty: chrzest, eucharystia, bierzmowanie<br>\u2013 nie s\u0105 ojcem ani matk\u0105 przyjmuj\u0105cego chrzest<br>\u2013 nale\u017c\u0105 do Ko\u015bcio\u0142a katolickiego<br>\u2013 je\u015bli s\u0105 ma\u0142\u017conkami, to \u017cyj\u0105 w sakramentalnym ma\u0142\u017ce\u0144stwie<br>\u2013 wyrzekaj\u0105 si\u0119 szatana<br>\u2013 wyznaj\u0105 wiar\u0119 Ko\u015bcio\u0142a, w kt\u00f3rej dziecko otrzymu je chrzest<br>\u2013 otrzymuj\u0105 specjalne b\u0142ogos\u0142awie\u0144stwo<br>\u2013 trzymaj\u0105 \u015bwiec\u0119 i podaj\u0105 bia\u0142\u0105 szatk\u0119 do chrztu<br>\u2013 pomagaj\u0105 w chrze\u015bcija\u0144skim wychowaniu dziecka<br>\u2013 prowadz\u0105 autentyczne \u017cycie chrze\u015bcija\u0144skie<br>\u2013 \u017cyj\u0105 wiar\u0105, nadziej\u0105 i mi\u0142o\u015bci\u0105<br>\u2013 modl\u0105 si\u0119 za chrze\u015bniaka<br>\u2013 kupi\u0105 odpowiedni\u0105 do wieku dziecka ksi\u0105\u017ck\u0119 religijn\u0105<br>\u2013 zabior\u0105 na pielgrzymk\u0119 do sanktuarium<br>\u2013 w razie nie wype\u0142niania obowi\u0105zk\u00f3w chrze\u015bcija\u0144skich przez rodzic\u00f3w zwracaj\u0105 im uwag\u0119<\/p>\n\n\n\n<p>Sakrament Chrztu \u015aw. udzielany jest w drug\u0105 niedziel\u0119 miesi\u0105ca i czwart\u0105 sobot\u0119 miesi\u0105ca na Mszy \u015bw. wieczornej.<\/p>\n\n\n<p><!--EndFragment--><\/p>","protected":false},"excerpt":{"rendered":"<p>Chrzest \u015bwi\u0119ty jest fundamentem ca\u0142ego \u017cycia chrze\u015bcija\u0144skiego, bram\u0105 \u017cycia w Duchu i bram\u0105 otwieraj\u0105c\u0105 dost\u0119p innych sakrament\u00f3w. Przez chrzest zostajemy wyzwoleni od grzechu i odrodzeni jako synowie Bo\u017cy, stajemy si\u0119 cz\u0142onkami Chrystusa oraz zostajemy wszczepieni w Ko\u015bci\u00f3\u0142 i stajemy si\u0119 uczestnikami jego pos\u0142ania. Chrzest jest sakramentem odrodzenia przez wod\u0119 i w s\u0142owie? (KKK 1213)Chrzest \u015bw. &hellip; <a href=\"https:\/\/parafia-duszniki.pl\/index.php\/chrzest\/\" class=\"more-link\">Czytaj dalej<span class=\"screen-reader-text\"> \u201eChrzest\u201d<\/span><\/a><\/p>\n","protected":false},"author":1,"featured_media":91,"parent":0,"menu_order":0,"comment_status":"closed","ping_status":"closed","template":"","meta":{"ngg_post_thumbnail":0,"footnotes":""},"class_list":["post-42","page","type-page","status-publish","has-post-thumbnail","hentry"],"_links":{"self":[{"href":"https:\/\/parafia-duszniki.pl\/index.php\/wp-json\/wp\/v2\/pages\/42","targetHints":{"allow":["GET"]}}],"collection":[{"href":"https:\/\/parafia-duszniki.pl\/index.php\/wp-json\/wp\/v2\/pages"}],"about":[{"href":"https:\/\/parafia-duszniki.pl\/index.php\/wp-json\/wp\/v2\/types\/page"}],"author":[{"embeddable":true,"href":"https:\/\/parafia-duszniki.pl\/index.php\/wp-json\/wp\/v2\/users\/1"}],"replies":[{"embeddable":true,"href":"https:\/\/parafia-duszniki.pl\/index.php\/wp-json\/wp\/v2\/comments?post=42"}],"version-history":[{"count":6,"href":"https:\/\/parafia-duszniki.pl\/index.php\/wp-json\/wp\/v2\/pages\/42\/revisions"}],"predecessor-version":[{"id":5736,"href":"https:\/\/parafia-duszniki.pl\/index.php\/wp-json\/wp\/v2\/pages\/42\/revisions\/5736"}],"wp:featuredmedia":[{"embeddable":true,"href":"https:\/\/parafia-duszniki.pl\/index.php\/wp-json\/wp\/v2\/media\/91"}],"wp:attachment":[{"href":"https:\/\/parafia-duszniki.pl\/index.php\/wp-json\/wp\/v2\/media?parent=42"}],"curies":[{"name":"wp","href":"https:\/\/api.w.org\/{rel}","templated":true}]}}