{"id":43,"date":"2019-09-04T21:00:21","date_gmt":"2019-09-04T19:00:21","guid":{"rendered":"http:\/\/parafia-duszniki.pl\/?page_id=43"},"modified":"2019-09-04T21:00:21","modified_gmt":"2019-09-04T19:00:21","slug":"bierzmowanie","status":"publish","type":"page","link":"https:\/\/parafia-duszniki.pl\/index.php\/bierzmowanie\/","title":{"rendered":"Bierzmowanie"},"content":{"rendered":"\n<p>Sakrament bierzmowania wraz ze chrztem i Eucharysti\u0105 nale\u017cy do sakrament\u00f3w wtajemniczenia chrze\u015bcija\u0144skiego, dlatego przyj\u0119cie tego sakramentu jest konieczne jako dope\u0142nienie \u0142aski chrztu. Jedno\u015b\u0107 tych sakrament\u00f3w winna by\u0107 zachowana, st\u0105d w niebezpiecze\u0144stwie \u015bmierci udziela si\u0119 tego sakramentu nawet dzieciom.<br>Istotnie, przez sakrament bierzmowania ochrzczeni jeszcze \u015bci\u015blej wi\u0105\u017c\u0105 si\u0119 z Ko\u015bcio\u0142em, otrzymuj\u0105 szczeg\u00f3ln\u0105 moc Ducha \u015awi\u0119tego i w ten spos\u00f3b jeszcze mocniej zobowi\u0105zani s\u0105, jako prawdziwi \u015bwiadkowie Chrystusa, do szerzenia wiary s\u0142owem i uczynkiem oraz do bronienia jej.<\/p>\n\n\n\n<p>Chrystus Pan obieca\u0142 swoim uczniom, \u017ce Duch \u015awi\u0119ty b\u0119dzie ich wspomaga\u0142, aby tak\u017ce wobec prze\u015bladowc\u00f3w dawali \u015bwiadectwo nieugi\u0119tej wiary. W dzie\u0144 przed swoj\u0105 m\u0119k\u0105 obieca\u0142 Aposto\u0142om, \u017ce ze\u015ble od Ojca Ducha prawdy, kt\u00f3ry pozostanie z nimi na zawsze. Wreszcie po swoim zmartwychwstaniu Chrystus obieca\u0142, \u017ce wkr\u00f3tce ze\u015ble na nich Ducha \u015awi\u0119tego, kt\u00f3ry nape\u0142ni ich moc\u0105 i uczyni Jego \u015bwiadkami:?Gdy Duch \u015awi\u0119ty zst\u0105pi na was, otrzymacie Jego moc i b\u0119dziecie moimi \u015bwiadkami? (Dz l ,8).<br>Rzeczywi\u015bcie w \u015bwi\u0119to Pi\u0119\u0107dziesi\u0105tnicy Duch \u015awi\u0119ty w cudowny spos\u00f3b zst\u0105pi\u0142 na Aposto\u0142\u00f3w zgromadzonych na modlitwie wraz z Maryj\u0105, Matk\u0105 Jezusa i uczniami. Zostali oni wtedy tak nape\u0142nieni Duchem \u015awi\u0119tym, \u017ce obdarzeni moc\u0105 Bo\u017c\u0105 zacz\u0119li g\u0142osi\u0107 wielkie dzie\u0142a Bo\u017ce. Piotr Aposto\u0142 uzna\u0142 Ducha \u015awi\u0119tego, kt\u00f3ry w ten spos\u00f3b zst\u0105pi\u0142 na nich, za dar epoki mesja\u0144skiej. W\u00f3wczas zostali ochrzczeni ci, kt\u00f3rzy uwierzyli w nauk\u0119 Aposto\u0142\u00f3w. Otrzymali oni r\u00f3wnie\u017c dar Ducha \u015awi\u0119tego. Od tego czasu Aposto\u0142owie, wype\u0142niaj\u0105c wol\u0119 Chrystusa przez wk\u0142adanie r\u0105k, udzielali neofitom daru Ducha \u015awi\u0119tego.<br>Najstarsze \u015bwiadectwo o udzielaniu sakramentu bierzmowania zapisane jest w Dziejach Apostolskich i m\u00f3wi wyra\u017anie i szczeg\u00f3\u0142owo o udzielaniu tego znaku wiary jako dope\u0142nienia chrztu \u015bwi\u0119tego. Czytamy tam: Kiedy Aposto\u0142owie w Jerozolimie dowiedzieli si\u0119, \u017ce Samaria przyj\u0119\u0142a s\u0142owo Bo\u017ce, wys\u0142ali do niej Piotra i Jana, kt\u00f3rzy przyszli i modlili si\u0119 za nich, aby mogli otrzyma\u0107 Ducha \u015awi\u0119tego. Bo na \u017cadnego z nich jeszcze nie zst\u0105pi\u0142. Byli jedynie ochrzczeni w imi\u0119 Pana Jezusa. Wtedy wi\u0119c wk\u0142adali na nich r\u0119ce, a oni otrzymywali Ducha \u015awi\u0119tego? (Dz 8,14-17).<\/p>\n\n\n\n<p>Skutkiem sakramentu bierzmowania jest pe\u0142ne wylanie Ducha \u015awi\u0119tego, jakie niegdy\u015b sta\u0142o si\u0119 udzia\u0142em Aposto\u0142\u00f3w w dniu Pi\u0119\u0107dziesi\u0105tnicy. Bierzmowanie przynosi zatem wzrost i pog\u0142\u0119bienie \u0142aski chrzcielnej:<\/p>\n\n\n\n<ul class=\"wp-block-list\"><li>zakorzenia nas g\u0142\u0119biej w Bo\u017cym synostwie;<\/li><li>\u015bci\u015blej jednoczy nas z Chrystusem;<\/li><li>pomna\u017ca w nas dary Ducha \u015awi\u0119tego;<\/li><li>udoskonala nasz\u0105 wi\u0119\u017a z Ko\u015bcio\u0142em;<\/li><li>udziela nam, jako prawdziwym \u015bwiadkom Chrystusa, specjalnej mocy Ducha \u015awi\u0119tego do szerzenia i obrony wiary<br>s\u0142owem i czynem, do m\u0119\u017cnego wyznawania imienia Chrystusa oraz do tego, by nigdy nie wstydzi\u0107 si\u0119 Krzy\u017ca.<\/li><\/ul>\n\n\n\n<p>Sakramentu bierzmowania, podobnie jak chrztu, kt\u00f3rego jest dope\u0142nieniem, udziela si\u0119 tylko jeden raz. Wyciska on w duszy niezatarte duchowe znami\u0119, ?charakteru?, kt\u00f3ry jest znakiem, \u017ce Jezus Chrystus naznaczy\u0142 chrze\u015bcijanina piecz\u0119ci\u0105 swego Ducha, przyoblekaj\u0105c go moc\u0105 z wysoka,aby by\u0142 Jego \u015bwiadkiem.<br>?Charakter? sakramentu udoskonala kap\u0142a\u0144stwo wsp\u00f3lne wiernych, otrzymane w chrzcie, a ?bierzmowany otrzymuje moc publicznego wyznawania wiary w Chrystusa, jakby na zasadzie obowi\u0105zku?.<br>Przygotowanie kandydat\u00f3w<\/p>\n\n\n\n<p>Wed\u0142ug nauki Ko\u015bcio\u0142a, przygotowanie do bierzmowania powinno mie\u0107 na celu doprowadzenie ochrzczonego do g\u0142\u0119bszego zjednoczenia z Chrystusem, do wi\u0119kszej za\u017cy\u0142o\u015bci z Duchem \u015awi\u0119tym, Jego dzia\u0142aniem, darami i natchnieniami, aby m\u00f3g\u0142 lepiej podj\u0105\u0107 apostolsk\u0105 odpowiedzialno\u015b\u0107 \u017cycia chrze\u015bcija\u0144skiego.<br>Katecheza przed bierzmowaniem powinna tak\u017ce stara\u0107 si\u0119 obudzi\u0107 zmys\u0142 przynale\u017cno\u015bci do Ko\u015bcio\u0142a Jezusa Chrystusa, zar\u00f3wno do Ko\u015bcio\u0142a powszechnego, jak i wsp\u00f3lnoty parafialnej. Na tej ostatniej spoczywa szczeg\u00f3lna odpowiedzialno\u015b\u0107 za przygotowanie kandydat\u00f3w do bierzmowania.<br>Poniewa\u017c chrzest \u015bwi\u0119ty udzielany jest dzieciom, st\u0105d przygotowanie do I Komunii \u015bwi\u0119tej, a szczeg\u00f3lnie do bierzmowania, daje t\u0119 wielk\u0105 szans\u0119, aby m\u0142ody chrze\u015bcijanin m\u00f3g\u0142 przeby\u0107 konieczn\u0105 drog\u0119 wdro\u017cenia w \u017cycie dojrza\u0142ych chrze\u015bcijan. Dlatego biskupi w wielu diecezjach polskich, aby umo\u017cliwi\u0107 m\u0142odzie\u017cy przej\u015bcie procesu duchowej formacji, przesun\u0119li czas udzielania bierzmowania na trzeci\u0105 klas\u0119 szko\u0142y gimnazjalnej.<br>W procesie formacyjnym istotn\u0105 rol\u0119 maj\u0105 do wype\u0142nienia: rodzina, kap\u0142an, katecheci oraz wsp\u00f3lnota parafialna. Dokumenty Ko\u015bcio\u0142a jednak zasadniczo obowi\u0105zek przygotowania do bierzmowania k\u0142ad\u0105 na parafi\u0119, a wi\u0119c kap\u0142an\u00f3w, katechet\u00f3w i wiernych, gdy\u017c we wsp\u00f3lnocie z nimi kandydaci do bierzmowania maj\u0105 mo\u017cliwo\u015b\u0107 do\u015bwiadczenia \u017cycia Chrystusowego Ko\u015bcio\u0142a.<br>Kandydat do bierzmowania wybiera r\u00f3wnie\u017c sobie nowe imi\u0119, kt\u00f3re winno by\u0107 no\u015bnikiem pewnego pos\u0142annictwa, jakie pragn\u0105\u0142by wype\u0142nia\u0107 w swoim \u017cyciu. Spraw\u0119 wyboru imienia winien om\u00f3wi\u0107 z kap\u0142anem lub ze swoim katechet\u0105, lub animatorem.<br>\u015awiadek bierzmowania<\/p>\n\n\n\n<p>Poszczeg\u00f3lnym bierzmowanym zwykle towarzyszy \u015bwiadek, kt\u00f3ry przygotowuje ich do przyj\u0119cia sakramentu, przedstawia szafarzowi bierzmowania do namaszczenia krzy\u017cmem, a potem pomaga w wiernym wype\u0142nianiu przyrzecze\u0144 z\u0142o\u017conych na chrzcie, zgodnie z natchnieniami Ducha \u015awi\u0119tego, kt\u00f3rego otrzymali.<br>Ze wzgl\u0119du na wsp\u00f3\u0142czesne warunki pastoralne wypada, aby chrzestny, je\u017celi mo\u017ce by\u0107 obecny, by\u0142 tak\u017ce \u015bwiadkiem bierzmowania. W ten spos\u00f3b ja\u015bniej zaznacza si\u0119 zwi\u0105zek mi\u0119dzy chrztem i bierzmowaniem, a funkcje i obowi\u0105zki chrzestnego mog\u0105 by\u0107 spe\u0142nione w spos\u00f3b bardziej skuteczny.Nie wyklucza si\u0119 jednak mo\u017cliwo\u015bci wybrania osobnego \u015bwiadka bierzmowania.<br>\u015awiadek bierzmowania winien odznacza\u0107 si\u0119 nast\u0119puj\u0105cymi przymiotami:<br>a) by\u0107 wystarczaj\u0105co dojrza\u0142y do spe\u0142niania tego obowi\u0105zku<br>b) by\u0107 wierz\u0105cym i praktykuj\u0105cym katolikiem<br>c) nale\u017ce\u0107 do Ko\u015bcio\u0142a katolickiego i przyj\u0105\u0107 trzy sakramenty wtajemniczenia chrze\u015bcija\u0144skiego: chrzest, bierzmowanie<br>i Eucharysti\u0119,<br>d) nie by\u0107 wykluczonym przez prawo od czynno\u015bci w aktach ko\u015bcielnych.<br>Szafarz bierzmowania<\/p>\n\n\n\n<p>W\u0142a\u015bciwym szafarzem sakramentu bierzmowania jest biskup. Zwykle on sam udziela tego sakramentu, aby wyra\u017aniej wyst\u0119powa\u0142 jego zwi\u0105zek z pierwszym zst\u0105pieniem Ducha \u015awi\u0119tego w dniu Pi\u0119\u0107dziesi\u0105tnicy, kiedy to Aposto\u0142owie nape\u0142nieni Duchem \u015awi\u0119tym sami przekazywali Go wiernym przez w\u0142o\u017cenie r\u0105k.<\/p>\n","protected":false},"excerpt":{"rendered":"<p>Sakrament bierzmowania wraz ze chrztem i Eucharysti\u0105 nale\u017cy do sakrament\u00f3w wtajemniczenia chrze\u015bcija\u0144skiego, dlatego przyj\u0119cie tego sakramentu jest konieczne jako dope\u0142nienie \u0142aski chrztu. Jedno\u015b\u0107 tych sakrament\u00f3w winna by\u0107 zachowana, st\u0105d w niebezpiecze\u0144stwie \u015bmierci udziela si\u0119 tego sakramentu nawet dzieciom.Istotnie, przez sakrament bierzmowania ochrzczeni jeszcze \u015bci\u015blej wi\u0105\u017c\u0105 si\u0119 z Ko\u015bcio\u0142em, otrzymuj\u0105 szczeg\u00f3ln\u0105 moc Ducha \u015awi\u0119tego i w &hellip; <a href=\"https:\/\/parafia-duszniki.pl\/index.php\/bierzmowanie\/\" class=\"more-link\">Czytaj dalej<span class=\"screen-reader-text\"> \u201eBierzmowanie\u201d<\/span><\/a><\/p>\n","protected":false},"author":1,"featured_media":0,"parent":0,"menu_order":0,"comment_status":"closed","ping_status":"closed","template":"","meta":{"ngg_post_thumbnail":0,"footnotes":""},"class_list":["post-43","page","type-page","status-publish","hentry"],"_links":{"self":[{"href":"https:\/\/parafia-duszniki.pl\/index.php\/wp-json\/wp\/v2\/pages\/43","targetHints":{"allow":["GET"]}}],"collection":[{"href":"https:\/\/parafia-duszniki.pl\/index.php\/wp-json\/wp\/v2\/pages"}],"about":[{"href":"https:\/\/parafia-duszniki.pl\/index.php\/wp-json\/wp\/v2\/types\/page"}],"author":[{"embeddable":true,"href":"https:\/\/parafia-duszniki.pl\/index.php\/wp-json\/wp\/v2\/users\/1"}],"replies":[{"embeddable":true,"href":"https:\/\/parafia-duszniki.pl\/index.php\/wp-json\/wp\/v2\/comments?post=43"}],"version-history":[{"count":1,"href":"https:\/\/parafia-duszniki.pl\/index.php\/wp-json\/wp\/v2\/pages\/43\/revisions"}],"predecessor-version":[{"id":69,"href":"https:\/\/parafia-duszniki.pl\/index.php\/wp-json\/wp\/v2\/pages\/43\/revisions\/69"}],"wp:attachment":[{"href":"https:\/\/parafia-duszniki.pl\/index.php\/wp-json\/wp\/v2\/media?parent=43"}],"curies":[{"name":"wp","href":"https:\/\/api.w.org\/{rel}","templated":true}]}}