{"id":44,"date":"2019-09-04T20:55:12","date_gmt":"2019-09-04T18:55:12","guid":{"rendered":"http:\/\/parafia-duszniki.pl\/?page_id=44"},"modified":"2019-09-04T21:01:39","modified_gmt":"2019-09-04T19:01:39","slug":"najswietszy-sakrament","status":"publish","type":"page","link":"https:\/\/parafia-duszniki.pl\/index.php\/najswietszy-sakrament\/","title":{"rendered":"Naj\u015bwi\u0119tszy Sakrament"},"content":{"rendered":"\n<p>Naj\u015bwi\u0119tsza Eucharystia dope\u0142nia wtajemniczenie chrze\u015bcija\u0144skie. Ci, kt\u00f3rzy przez chrzest zostali wyniesieni do godno\u015bci kr\u00f3lewskiego kap\u0142a\u0144stwa, a przez bierzmowanie zostali g\u0142\u0119biej upodobnieni do Chrystusa, za po\u015brednictwem Eucharystii uczestnicz\u0105 razem z ca\u0142\u0105 wsp\u00f3lnot\u0105 w ofierze Pana.<br>Zbawiciel nasz podczas Ostatniej Wieczerzy, tej nocy, kiedy zosta\u0142 wydany, ustanowi\u0142 eucharystyczn\u0105 Ofiar\u0119 Cia\u0142a i Krwi swojej, aby w niej na ca\u0142e wieki, a\u017c do swego przyj\u015bcia, utrwali\u0107 Ofiar\u0119 Krzy\u017ca i tak umi\u0142owanej Oblubienicy \u2013 Ko\u015bcio\u0142owi powierzy\u0107 pami\u0105tk\u0119 swej M\u0119ki i Zmartwychwsta\u0179nia: sakrament mi\u0142osierdzia, znak jedno\u015bci, w\u0119ze\u0142 mi\u0142o\u015bci, uczt\u0119 paschaln\u0105, w kt\u00f3rej po\u017cywamy Chrystusa, w kt\u00f3rej dusza nape\u0142nia si\u0119 \u0142ask\u0105 i otrzymuje zadatek przysz\u0142ej chwa\u0142y? (KKK 1322-1323).<\/p>\n\n\n\n<p>Eucharystia jest ?\u017ar\u00f3d\u0142em i zarazem szczytem ca\u0142ego \u017cycia chrze\u015bcija\u0144skiego?, tak \u017ce jest to wprost niemo\u017cliwe, aby prowadzi\u0107 \u017cycie chrze\u015bci\u0179ja\u0144skie bez cz\u0119stego udzia\u0142u w Eucharystii. Chrystus Pan powiedzia\u0142 wyra\u017anie: ?Je\u017celi nie b\u0119dziecie spo\u017cywali Cia\u0142a Syna Cz\u0142owieczego i nie b\u0119dziecie pili Krwi Jego, nie b\u0119dziecie mieli \u017cycia w sobie. Kto spo\u017cywa moje Cia\u0142o i pije moj\u0105 Krew, ma \u017cycie wieczne, a Ja go wskrzesz\u0119 w dniu ostatecznym? (J 6,53-54).<br>Wszystkie sakramenty \u015bwi\u0119te, pos\u0142ugi ko\u015bcielne i dzie\u0142a apostolstwa s\u0105 \u015bci\u015ble powi\u0105zane z Eucharysti\u0105 i do niej zmierzaj\u0105. Eucharystia jest znakiem jedno\u015bci wiernych z Bogiem i bra\u0107mi.Jedno\u015b\u0107 t\u0119 oznacza i j\u0105 urzeczywistnia. Jest wi\u0119c skutecznym znakiem Bo\u017cego daru jedno\u015bci. W kazaniu o chlebie \u017cywym, jakie Jezus wyg\u0142osi\u0142 w Kafarnaum po rozmno\u017ceniu chleba, powiedzia\u0142 r\u00f3wnie\u017c: ?Kto spo\u017cywa moje Cia\u0142o i Krew moj\u0105 pije, trwa we Mnie, a Ja w nim? (J 6,56).<\/p>\n","protected":false},"excerpt":{"rendered":"<p>Naj\u015bwi\u0119tsza Eucharystia dope\u0142nia wtajemniczenie chrze\u015bcija\u0144skie. Ci, kt\u00f3rzy przez chrzest zostali wyniesieni do godno\u015bci kr\u00f3lewskiego kap\u0142a\u0144stwa, a przez bierzmowanie zostali g\u0142\u0119biej upodobnieni do Chrystusa, za po\u015brednictwem Eucharystii uczestnicz\u0105 razem z ca\u0142\u0105 wsp\u00f3lnot\u0105 w ofierze Pana.Zbawiciel nasz podczas Ostatniej Wieczerzy, tej nocy, kiedy zosta\u0142 wydany, ustanowi\u0142 eucharystyczn\u0105 Ofiar\u0119 Cia\u0142a i Krwi swojej, aby w niej na ca\u0142e &hellip; <a href=\"https:\/\/parafia-duszniki.pl\/index.php\/najswietszy-sakrament\/\" class=\"more-link\">Czytaj dalej<span class=\"screen-reader-text\"> \u201eNaj\u015bwi\u0119tszy Sakrament\u201d<\/span><\/a><\/p>\n","protected":false},"author":1,"featured_media":0,"parent":0,"menu_order":0,"comment_status":"closed","ping_status":"closed","template":"","meta":{"ngg_post_thumbnail":0,"footnotes":""},"class_list":["post-44","page","type-page","status-publish","hentry"],"_links":{"self":[{"href":"https:\/\/parafia-duszniki.pl\/index.php\/wp-json\/wp\/v2\/pages\/44","targetHints":{"allow":["GET"]}}],"collection":[{"href":"https:\/\/parafia-duszniki.pl\/index.php\/wp-json\/wp\/v2\/pages"}],"about":[{"href":"https:\/\/parafia-duszniki.pl\/index.php\/wp-json\/wp\/v2\/types\/page"}],"author":[{"embeddable":true,"href":"https:\/\/parafia-duszniki.pl\/index.php\/wp-json\/wp\/v2\/users\/1"}],"replies":[{"embeddable":true,"href":"https:\/\/parafia-duszniki.pl\/index.php\/wp-json\/wp\/v2\/comments?post=44"}],"version-history":[{"count":2,"href":"https:\/\/parafia-duszniki.pl\/index.php\/wp-json\/wp\/v2\/pages\/44\/revisions"}],"predecessor-version":[{"id":73,"href":"https:\/\/parafia-duszniki.pl\/index.php\/wp-json\/wp\/v2\/pages\/44\/revisions\/73"}],"wp:attachment":[{"href":"https:\/\/parafia-duszniki.pl\/index.php\/wp-json\/wp\/v2\/media?parent=44"}],"curies":[{"name":"wp","href":"https:\/\/api.w.org\/{rel}","templated":true}]}}