{"id":48,"date":"2019-09-04T20:55:51","date_gmt":"2019-09-04T18:55:51","guid":{"rendered":"http:\/\/parafia-duszniki.pl\/?page_id=48"},"modified":"2019-09-04T21:02:30","modified_gmt":"2019-09-04T19:02:30","slug":"namaszczenie-chorych","status":"publish","type":"page","link":"https:\/\/parafia-duszniki.pl\/index.php\/namaszczenie-chorych\/","title":{"rendered":"Namaszczenie chorych"},"content":{"rendered":"\n<p>Ko\u015bci\u00f3\u0142 wierzy, wyznaje i naucza, \u017ce w\u015br\u00f3d siedmiu sakrament\u00f3w istnieje jeden specjalnie przeznaczony do umocnienia os\u00f3b dotkni\u0119tych chorob\u0105, cierpi\u0105cych i b\u0119d\u0105cych w niebezpiecze\u0144stwie \u015bmierci, a jest to sakrament namaszczenia chorych.<br>Sakrament namaszczenia chorych jest wi\u0119c jednym z siedmiu znak\u00f3w sakramentalnych Nowego Testamentu ustanowionych przez Chrystusa. Wspomina o nim \u015bw. Marek, pisz\u0105c o dzia\u0142alno\u015bci Aposto\u0142\u00f3w, kt\u00f3rzy mi\u0119dzy innymi ?wielu chorych namaszczali olejem i uzdrawiali? (Mk 6, 13). Poleca go natomiast wiernym i og\u0142asza Aposto\u0142 Jakub pisz\u0105c: ? Choruje kto\u015b w\u015br\u00f3d was? Niech wezwie kap\u0142an\u00f3w Ko\u015bcio\u0142a i niech modl\u0105 si\u0119 nad nim namaszczaj\u0105c go olejem w imi\u0119 Pa\u0144skie. Modlitwa p\u0142yn\u0105ca z wiary wybawi chorego i ul\u017cy mu Pan. A je\u015bliby by\u0142 w grzechach, b\u0119d\u0105 mu odpuszczone? (Jk 5,14-15).<br>Sob\u00f3r Trydencki wy\u0142o\u017cy\u0142 w\u0142a\u015bciw\u0105 nauk\u0119 o istocie i skutkach sakramentu namaszczenia chorych. W jego dokumentach czytamy: ? Istot\u0105 jest \u0142aska Ducha \u015awi\u0119tego. Jego to namaszczenie usuwa winy, je\u015bli by\u0142yby jeszcze jakie\u015b do odpokutowania, oraz pozosta\u0142o\u015bci grzechu: przynosi ulg\u0119 i umocnienie duszy chorego, wzbudzaj\u0105c w nim wielk\u0105 ufno\u015b\u0107 w mi\u0142osierdzie Bo\u017ce. Chory podniesiony na duchu \u0142atwiej znosi dolegliwo\u015bci choroby i trudy, \u0142atwiej opiera si\u0119 pokusom szatana\u2026 a niekiedy odzyskuje zdrowie cia\u0142a, je\u015bli jest to po\u017cyteczne dla zbawienia duszy?.<\/p>\n\n\n\n<p>Kto powinien przyj\u0105\u0107 namaszczenie chorych.<br>Sakrament namaszczenia chorych nie jest wi\u0119c sakramentem przeznaczonym tylko dla tych, kt\u00f3rzy znajduj\u0105 si\u0119 w ostatecznym niebezpiecze\u0144stwie utraty \u017cycia. Odpowiednia zatem pora na przyj\u0119cie tego sakramentu jest ju\u017c w\u00f3wczas, gdy wiernym zaczyna grozi\u0107 niebezpiecze\u0144stwo \u015bmierci z powodu choroby lub staro\u015bci.<br>Je\u015bli chory, kt\u00f3ry zosta\u0142 namaszczony, odzyska\u0142 zdrowie, w przypadku nowej ci\u0119\u017ckiej choroby mo\u017ce ponownie przyj\u0105\u0107 ten sakrament. W ci\u0105gu tej samej choroby namaszczenie chorych mo\u017ce by\u0107 udzielone powt\u00f3rnie, je\u015bli choroba si\u0119 pog\u0142\u0119bia. Jest rzecz\u0105 stosown\u0105 przyj\u0105\u0107 sakrament namaszczenia chorych przed trudn\u0105 operacj\u0105. Odnosi si\u0119 to tak\u017ce do os\u00f3b starszych, u kt\u00f3rych pog\u0142\u0119bia si\u0119 staro\u015b\u0107.<\/p>\n\n\n\n<p>Szafarz namaszczenia chorych<br>\u015aw. Jakub Aposto\u0142 pisze: ?Choruje kto\u015b w\u015br\u00f3d was? Niech sprowadzi kap\u0142an\u00f3w Ko\u015bcio\u0142a, by si\u0119 modlili nad nim i nama\u015bcili go olejem w imi\u0119 Pana? (Jk 5,14). Jedynie wi\u0119c kap\u0142ani,tzn. biskupi i prezbiterzy, s\u0105 szafarzami sakramentu namaszczenia chorych. Duszpasterze winni wi\u0119c pouczy\u0107 wiernych o dobrodziejstwach tego sakramentu, aby w razie potrzeby nie zaniedbywali sprawy wezwania kap\u0142ana do chorego, by nie pozbawia\u0107 go daru tego sakramentu.<\/p>\n\n\n\n<p>Skutki sakramentu namaszczenia chorych<br>Na temat skuteczno\u015bci sakramentu namaszczenia chorych \u015bw. Jakub Aposto\u0142 pisze bardzo wyra\u017anie: ?A modlitwa pe\u0142na wiary b\u0119dzie dla chorego ratunkiem i Pan go pod\u017awignie, a je\u015bliby pope\u0142ni\u0142 grzechy, b\u0119d\u0105 mu odpuszczone? (Jk 5,15).<br>Podobnie jak w ka\u017cdym sakramencie, r\u00f3wnie\u017c w namaszczeniu chorych, udzielana jest szczeg\u00f3lna \u0142aska Ducha \u015awi\u0119tego. Duch \u015awi\u0119ty umacnia chorego, obdarza go pokojem i odwag\u0105, by m\u00f3g\u0142 przezwyci\u0119\u017cy\u0107 i znie\u015b\u0107 wszystkie dolegliwo\u015bci zwi\u0105zane z chorob\u0105 lub staro\u015bci\u0105. Duch \u015awi\u0119ty daje choremu moc do przezwyci\u0119\u017cenia pokus z\u0142ego ducha i l\u0119ku przed \u015bmierci\u0105. Prowadzi do uzdrowienia duszy, a tak\u017ce uzdrowienia cia\u0142a, je\u015bli taka jest Bo\u017ca wola.<br>Ponadto wielkim darem sakramentu namaszczenia chorych jest \u0142aska przebaczenia: ?je\u015bliby pope\u0142ni\u0142 grzechy, b\u0119d\u0105 mu odpuszczone?. Je\u015bli z jakiego\u015b powodu chory nie mo\u017ce ju\u017c odby\u0107 spowiedzi \u015bwi\u0119tej, dost\u0119puje odpuszczenia wszystkich grzech\u00f3w.<\/p>\n\n\n\n<p>Troska o chorych<br>Chrystus Pan pochyla\u0142 si\u0119 nad chorymi, wsp\u00f3\u0142czu\u0142 im, k\u0142ad\u0142 na nich r\u0119ce i uzdrawia\u0142. Przed uzdrowieniem wymaga\u0142 od nich g\u0142\u0119bokiej wiary. Zanim uzdrowi\u0142 paralityka, kt\u00f3rego przyniesiono Mu na noszach, odpu\u015bci\u0142 mu grzechy. Chrystus powo\u0142a\u0142 uczni\u00f3w i da\u0142 im udzia\u0142 w swoim pos\u0142annictwie. Pos\u0142uszni swemu Mistrzowi, uczniowie ?wyszli i wzywali do nawr\u00f3cenia. Wyrzucali te\u017c wiele z\u0142ych duch\u00f3w oraz wielu chorych namaszczali olejem i uzdrawiali? (Mk 6,12-13).<br>Szczeg\u00f3lny udzia\u0142 w niesieniu ulgi chorym maj\u0105 krewni i wszyscy, kt\u00f3rzy z jakiegokolwiek tytu\u0142u nimi si\u0119 opiekuj\u0105. Oni to przede wszystkim powinni pokrzepia\u0107 chorych s\u0142owami wiary i wsp\u00f3ln\u0105 modlitw\u0105, poleca\u0107 ich cierpi\u0105cemu i uwielbionemu Panu, a nawet zach\u0119ca\u0107, by \u0142\u0105czyli si\u0119 dobrowolnie z m\u0119k\u0105 i \u015bmierci\u0105 Chrystusa, i w ten spos\u00f3b przysparzali dobra Ludowi Bo\u017cemu. Kiedy za\u015b stan zdrowia si\u0119 pogarsza, obowi\u0105zkiem krewnych i opiekun\u00f3w jest w por\u0119 powiadomi\u0107 proboszcza, chorego za\u015b delikatnie i roztropnie przygotowa\u0107 do przyj\u0119cia sakrament\u00f3w w odpowiednim czasie.<br>Kap\u0142ana prosimy r\u00f3wnie\u017c w\u00f3wczas do chorego, gdy jest on nieprzytomny, aby udzieli\u0142 mu absolucji i sakramentu namaszczenia, modli\u0142 si\u0119 za niego i udzieli\u0142 mu specjalnego b\u0142ogos\u0142awie\u0144stwa.<\/p>\n\n\n\n<p>Przygotowanie do sakramentu namaszczenia<br>St\u00f3\u0142 w pobli\u017cu \u0142\u00f3\u017cka chorego nakrywamy bia\u0142ym obrusem. Umieszczamy na nim krzy\u017c, a obok \u015bwiec\u0119 chrzcieln\u0105 chorego lub inne \u015bwiece. Na ma\u0142ym talerzyku przygotowujemy plasterek cytryny lub troch\u0119 soli oraz kilka kulek z waty do oczyszczenia palc\u00f3w po namaszczeniu. Ustawiamy r\u00f3wnie\u017c w ma\u0142ym naczyniu wod\u0119 \u015bwi\u0119con\u0105 i kropid\u0142o.<\/p>\n","protected":false},"excerpt":{"rendered":"<p>Ko\u015bci\u00f3\u0142 wierzy, wyznaje i naucza, \u017ce w\u015br\u00f3d siedmiu sakrament\u00f3w istnieje jeden specjalnie przeznaczony do umocnienia os\u00f3b dotkni\u0119tych chorob\u0105, cierpi\u0105cych i b\u0119d\u0105cych w niebezpiecze\u0144stwie \u015bmierci, a jest to sakrament namaszczenia chorych.Sakrament namaszczenia chorych jest wi\u0119c jednym z siedmiu znak\u00f3w sakramentalnych Nowego Testamentu ustanowionych przez Chrystusa. Wspomina o nim \u015bw. Marek, pisz\u0105c o dzia\u0142alno\u015bci Aposto\u0142\u00f3w, kt\u00f3rzy mi\u0119dzy &hellip; <a href=\"https:\/\/parafia-duszniki.pl\/index.php\/namaszczenie-chorych\/\" class=\"more-link\">Czytaj dalej<span class=\"screen-reader-text\"> \u201eNamaszczenie chorych\u201d<\/span><\/a><\/p>\n","protected":false},"author":1,"featured_media":0,"parent":0,"menu_order":0,"comment_status":"closed","ping_status":"closed","template":"","meta":{"ngg_post_thumbnail":0,"footnotes":""},"class_list":["post-48","page","type-page","status-publish","hentry"],"_links":{"self":[{"href":"https:\/\/parafia-duszniki.pl\/index.php\/wp-json\/wp\/v2\/pages\/48","targetHints":{"allow":["GET"]}}],"collection":[{"href":"https:\/\/parafia-duszniki.pl\/index.php\/wp-json\/wp\/v2\/pages"}],"about":[{"href":"https:\/\/parafia-duszniki.pl\/index.php\/wp-json\/wp\/v2\/types\/page"}],"author":[{"embeddable":true,"href":"https:\/\/parafia-duszniki.pl\/index.php\/wp-json\/wp\/v2\/users\/1"}],"replies":[{"embeddable":true,"href":"https:\/\/parafia-duszniki.pl\/index.php\/wp-json\/wp\/v2\/comments?post=48"}],"version-history":[{"count":2,"href":"https:\/\/parafia-duszniki.pl\/index.php\/wp-json\/wp\/v2\/pages\/48\/revisions"}],"predecessor-version":[{"id":75,"href":"https:\/\/parafia-duszniki.pl\/index.php\/wp-json\/wp\/v2\/pages\/48\/revisions\/75"}],"wp:attachment":[{"href":"https:\/\/parafia-duszniki.pl\/index.php\/wp-json\/wp\/v2\/media?parent=48"}],"curies":[{"name":"wp","href":"https:\/\/api.w.org\/{rel}","templated":true}]}}