{"id":50,"date":"2019-09-04T20:56:09","date_gmt":"2019-09-04T18:56:09","guid":{"rendered":"http:\/\/parafia-duszniki.pl\/?page_id=50"},"modified":"2019-09-04T21:02:52","modified_gmt":"2019-09-04T19:02:52","slug":"kaplanstwo","status":"publish","type":"page","link":"https:\/\/parafia-duszniki.pl\/index.php\/kaplanstwo\/","title":{"rendered":"Kap\u0142a\u0144stwo"},"content":{"rendered":"\n<p>Przez sakrament chrztu stajemy si\u0119 cz\u0142onkami Ko\u015bcio\u0142a ? ludu Bo\u017cego i Mistycznego Cia\u0142a Chrystusa. Przez sakrament bierzmowania Zbawiciel wyznacza nam i r\u00f3wnocze\u015bnie uzdalnia nas do nowych zada\u0144 zwi\u0105zanych z budowaniem Ko\u015bcio\u0142a. Podobnie i sakrament \u015bwi\u0119ce\u0144 kap\u0142a\u0144skich, uzdalnia do bardzo wa\u017cnej dla \u017cycia i wzrostu Ko\u015bcio\u0142a pos\u0142ugi, przez kt\u00f3r\u0105 r\u00f3wnocze\u015bnie oddawana jest chwa\u0142a Bogu.<br>Kap\u0142a\u0144stwo to w\u0142adza i funkcja po\u015bredniczenia miedzy Bogiem a lud\u017ami, zwi\u0105zana z urz\u0119dem kap\u0142ana.<\/p>\n\n\n\n<p>Zbawiciel wybra\u0142 dwunastu najbli\u017cszych swoich wsp\u00f3\u0142pracownik\u00f3w ? aposto\u0142\u00f3w, kt\u00f3rym, zleci\u0142 dzie\u0142o przekszta\u0142cania \u015bwiata w kr\u00f3lestwo Bo\u017ce, wyzwolone z mocy grzechu i szatana, a oddane Bogu i u\u015bwi\u0119cone. Dlatego te\u017c nakaza\u0142 im g\u0142osi\u0107 Ewangeli\u0119 wszelkiemu stworzeniu, sprawowa\u0107 Eucharysti\u0119 na Jego pami\u0105tk\u0119 oraz odpuszcza\u0107 grzechy. R\u00f3wnie\u017c kap\u0142ani maj\u0105 troszczy\u0107 si\u0119 o kr\u00f3lestwo Bo\u017ce, czyli maj\u0105 budowa\u0107 Ko\u015bci\u00f3\u0142, Mistyczne Cia\u0142o Chrystusa, a przez to przyczynia\u0107 si\u0119 do zbawienia \u015bwiata i do uwielbienia Boga. Tak jak aposto\u0142owie, kap\u0142ani powo\u0142ani s\u0105 do g\u0142oszenia \u015bwiatu Ewangelii Jezusa Chrystusa, do szafowania sakramentami, g\u0142\u00f3wnie za\u015b ? do sprawowania Eucharystii oraz udzielania rozgrzeszenia.<\/p>\n\n\n\n<p>W Ko\u015bciele istniej\u0105 trzy stopnie sakramentu \u015bwiece\u0144: diakonat, prezbiterat (kap\u0142a\u0144stwo) i biskupstwo. Ka\u017cde ze \u015bwi\u0119ce\u0144 wyciska odr\u0119bny niezatarty charakter sakramentalny i tym samym w szczeg\u00f3lny spos\u00f3b upodabnia cz\u0142owieka do Chrystusa Kap\u0142ana, Proroka i Pasterza. W tej potr\u00f3jnej funkcji Chrystusa ? kap\u0142a\u0144skiej, prorockiej, zwanej inaczej nauczycielsk\u0105, i pasterskiej, czyli kr\u00f3lewskiej ? ma udzia\u0142 ka\u017cda wy\u015bwi\u0119cona osoba.<\/p>\n\n\n\n<p>Przez charakter sakramentalny wy\u015bwi\u0119cony nale\u017cy w szczeg\u00f3lny spos\u00f3b do Chrystusa i do Jego Ko\u015bcio\u0142a. Istot\u0105 \u017cycia kap\u0142a\u0144skiego powinno zatem by\u0107 wsp\u00f3\u0142dzia\u0142anie z Chrystusem ofiaruj\u0105cym si\u0119, nauczaj\u0105cym i kieruj\u0105cym \u015bwiat ku Ojcu.<\/p>\n\n\n\n<p>Prezbiterzy bowiem przez \u015bwi\u0119cenia i misj\u0119, otrzymywan\u0105 od biskup\u00f3w, zostaj\u0105 wyniesieni do s\u0142u\u017cenia Chrystusowi Nauczycielowi, Kap\u0142anowi i Kr\u00f3lowi, uczestnicz\u0105c w Jego pos\u0142udze, dzi\u0119ki kt\u00f3rej Ko\u015bci\u00f3\u0142, tutaj na ziemi, nieustannie ro\u015bnie jako Lud Bo\u017cy, cia\u0142o Chrystusa i \u015awi\u0105tynia Ducha \u015awi\u0119tego.<\/p>\n\n\n\n<p>Kap\u0142ani po\u015bwi\u0119ceni Bogu nowym sposobem w momencie przyj\u0119cia sakramentu \u015bwi\u0119ce\u0144, przez w\u0142o\u017cenie r\u0105k, kt\u00f3remu towarzyszy uroczysta modlitwa konsekracyjna, staj\u0105 si\u0119 \u017cywymi narz\u0119dziami Chrystusa Wiecznego Kap\u0142ana, aby mogli kontynuowa\u0107 przez wieki Jego przedziwne dzie\u0142o, kt\u00f3re skuteczno\u015bci\u0105 z wysoka odnowi\u0142o ca\u0142y rodzaj ludzki.<\/p>\n\n\n\n<p>Kap\u0142anem mo\u017ce by\u0107, zgodnie z wol\u0105 Chrystusa i tradycj\u0105 Ko\u015bcio\u0142a, tylko m\u0119\u017cczyzna; w sakramencie \u015bwi\u0119ce\u0144 kap\u0142a\u0144skich dokonuje si\u0119 jego zjednoczenie z Chrystusem Kap\u0142anem, tak \u017ce przyj\u0119te kap\u0142a\u0144stwo staje si\u0119 szczeg\u00f3lnym uczestnictwem oraz kontynuacj\u0105 kap\u0142a\u0144stwa Chrystusa, najwy\u017cszego i jedynego Kap\u0142ana, a osoba kap\u0142ana staje si\u0119 znakiem, obrazem i narz\u0119dziem Chrystusa Kap\u0142ana, G\u0142owy, Pasterza i Oblubie\u0144ca Ko\u015bcio\u0142a; dlatego w Ko\u015bciele rzymskokatolickim zobowi\u0105zany jest on do \u017cycia w celibacie, podj\u0119tego dla Kr\u00f3lestwa (Mt 19,12; \u0141k 18,29).<\/p>\n\n\n\n<p>Stanowisko Ko\u015bcio\u0142a rzymskokatolickiego w sprawie mo\u017cliwo\u015bci przyjmowania sakramentu \u015bwi\u0119ce\u0144 kap\u0142a\u0144skich przez kobiety jest jednoznacznie negatywne. Kodeks Prawa Kanonicznego jednoznacznie stwierdza, \u017ce \u015bwi\u0119cenia wa\u017cnie mog\u0105 otrzyma\u0107 ochrzczeni m\u0119\u017cczy\u017ani, natomiast kobiety niezdolne s\u0105 do kap\u0142a\u0144stwa z prawa Bo\u017cego; niemo\u017cno\u015b\u0107 udzielania sakramentu \u015bwi\u0119ce\u0144 kap\u0142a\u0144skich kobietom z powodu ?ca\u0142kowicie wolnej i suwerennej decyzji Jezusa Chrystusa, kt\u00f3ry na swych aposto\u0142\u00f3w powo\u0142a\u0142 samych m\u0119\u017cczyzn?. Papie\u017c stwierdza, \u017ce zwi\u0105zana ze \u015bwieceniami kap\u0142a\u0144skimi misja nauczania, u\u015bwi\u0119cania i kierowania wsp\u00f3lnot\u0105 zosta\u0142a przez Chrystusa powierzona aposto\u0142om i od pocz\u0105tku zastrze\u017cona wy\u0142\u0105cznie dla m\u0119\u017cczyzn. Nawet Maryja ?nie otrzyma\u0142a misji w\u0142a\u015bciwej aposto\u0142om ani kap\u0142a\u0144stwa urz\u0119dowego?, co nie umniejsza jej godno\u015bci, ale odpowiada zamys\u0142owi Bo\u017cemu; st\u0105d te\u017c Ko\u015bci\u00f3\u0142 nie ma w\u0142adzy udzielania sakramentu \u015bwi\u0119ce\u0144 kap\u0142a\u0144skich kobietom, a jego stanowisko ma charakter wi\u0105\u017c\u0105cy i ostateczny.<\/p>\n","protected":false},"excerpt":{"rendered":"<p>Przez sakrament chrztu stajemy si\u0119 cz\u0142onkami Ko\u015bcio\u0142a ? ludu Bo\u017cego i Mistycznego Cia\u0142a Chrystusa. Przez sakrament bierzmowania Zbawiciel wyznacza nam i r\u00f3wnocze\u015bnie uzdalnia nas do nowych zada\u0144 zwi\u0105zanych z budowaniem Ko\u015bcio\u0142a. Podobnie i sakrament \u015bwi\u0119ce\u0144 kap\u0142a\u0144skich, uzdalnia do bardzo wa\u017cnej dla \u017cycia i wzrostu Ko\u015bcio\u0142a pos\u0142ugi, przez kt\u00f3r\u0105 r\u00f3wnocze\u015bnie oddawana jest chwa\u0142a Bogu.Kap\u0142a\u0144stwo to w\u0142adza &hellip; <a href=\"https:\/\/parafia-duszniki.pl\/index.php\/kaplanstwo\/\" class=\"more-link\">Czytaj dalej<span class=\"screen-reader-text\"> \u201eKap\u0142a\u0144stwo\u201d<\/span><\/a><\/p>\n","protected":false},"author":1,"featured_media":0,"parent":0,"menu_order":0,"comment_status":"closed","ping_status":"closed","template":"","meta":{"ngg_post_thumbnail":0,"footnotes":""},"class_list":["post-50","page","type-page","status-publish","hentry"],"_links":{"self":[{"href":"https:\/\/parafia-duszniki.pl\/index.php\/wp-json\/wp\/v2\/pages\/50","targetHints":{"allow":["GET"]}}],"collection":[{"href":"https:\/\/parafia-duszniki.pl\/index.php\/wp-json\/wp\/v2\/pages"}],"about":[{"href":"https:\/\/parafia-duszniki.pl\/index.php\/wp-json\/wp\/v2\/types\/page"}],"author":[{"embeddable":true,"href":"https:\/\/parafia-duszniki.pl\/index.php\/wp-json\/wp\/v2\/users\/1"}],"replies":[{"embeddable":true,"href":"https:\/\/parafia-duszniki.pl\/index.php\/wp-json\/wp\/v2\/comments?post=50"}],"version-history":[{"count":2,"href":"https:\/\/parafia-duszniki.pl\/index.php\/wp-json\/wp\/v2\/pages\/50\/revisions"}],"predecessor-version":[{"id":76,"href":"https:\/\/parafia-duszniki.pl\/index.php\/wp-json\/wp\/v2\/pages\/50\/revisions\/76"}],"wp:attachment":[{"href":"https:\/\/parafia-duszniki.pl\/index.php\/wp-json\/wp\/v2\/media?parent=50"}],"curies":[{"name":"wp","href":"https:\/\/api.w.org\/{rel}","templated":true}]}}