{"id":52,"date":"2019-09-04T20:56:33","date_gmt":"2019-09-04T18:56:33","guid":{"rendered":"http:\/\/parafia-duszniki.pl\/?page_id=52"},"modified":"2019-09-04T21:03:13","modified_gmt":"2019-09-04T19:03:13","slug":"malzenstwo","status":"publish","type":"page","link":"https:\/\/parafia-duszniki.pl\/index.php\/malzenstwo\/","title":{"rendered":"Ma\u0142\u017ce\u0144stwo"},"content":{"rendered":"\n<p>Jezus rzek\u0142: Dlatego opu\u015bci cz\u0142owiek ojca i matk\u0119 i z\u0142\u0105czy si\u0119 ze swoj\u0105 \u017con\u0105, i b\u0119d\u0105 oboje jednym cia\u0142em. A tak ju\u017c nie s\u0105 dwoje, lecz jedno cia\u0142o. Co wi\u0119c B\u00f3g z\u0142\u0105czy\u0142, niech cz\u0142owiek nie rozdziela? (Mt 19, 5-6)<br>?Przymierze ma\u0142\u017ce\u0144skie, przez kt\u00f3re m\u0119\u017cczyzna i kobieta tworz\u0105 ze sob\u0105 wsp\u00f3lnot\u0119, ca\u0142ego \u017cycia, skierowan\u0105 ze swej natury na dobro ma\u0142\u017conk\u00f3w oraz do zrodzenia i wychowania potomstwa, zosta\u0142o mi\u0119dzy ochrzczonymi podniesione przez Chrystusa Pana do godno\u015bci sakramentu? (KPK 1055,1).<\/p>\n\n\n\n<p>Ma\u0142\u017ce\u0144stwo b\u0119d\u0105ce g\u0142\u0119bok\u0105 wsp\u00f3lnot\u0105 \u017cycia i mi\u0142o\u015bci nie jest instytucj\u0105 czysto ludzk\u0105. Sam bowiem B\u00f3g jest jego tw\u00f3rc\u0105, gdy\u017c stworzy\u0142 cz\u0142owieka z mi\u0142o\u015bci i powo\u0142a\u0142 go tak\u017ce do mi\u0142o\u015bci trwa\u0142ej i nieodwo\u0142alnej. Od samego pocz\u0105tku Pan B\u00f3g ustanowi\u0142 ma\u0142\u017ce\u0144stwo jako trwa\u0142y i nierozerwalny zwi\u0105zek m\u0119\u017cczyzny i kobiety. Wed\u0142ug s\u0142\u00f3w Chrystusa Pana, sam B\u00f3g ich \u0142\u0105czy:<\/p>\n\n\n\n<p>?Co wi\u0119c B\u00f3g z\u0142\u0105czy\u0142, niech cz\u0142owiek nie rozdziela? (Mt 19, 6).<\/p>\n\n\n\n<p>Ma\u0142\u017ce\u0144stwo jako zwi\u0105zek m\u0119\u017cczyzny i kobiety zosta\u0142 podniesiony przez Chrystusa do godno\u015bci sakramentu. Przez ten sakrament chrze\u015bcija\u0144scy ma\u0142\u017conkowie staj\u0105 si\u0119 znakiem tajemnicy jedno\u015bci i p\u0142odnej mi\u0142o\u015bci, \u0142\u0105cz\u0105cej Chrystusa z Ko\u015bcio\u0142em i w tej tajemnicy uczestnicz\u0105 (por. Ef 5,32).<br>Ma\u0142\u017ce\u0144stwo jako sakrament powstaje poprzez zawarcie umowy ma\u0142\u017ce\u0144skiej, czyli przez nieodwo\u0142aln\u0105 zgod\u0119 obojga ma\u0142\u017conk\u00f3w, w kt\u00f3rej oddaj\u0105 si\u0119 oni sobie i przyjmuj\u0105 wzajemnie. Ca\u0142kowitej wierno\u015bci ma\u0142\u017conk\u00f3w, a tak\u017ce nierozerwalno\u015bci w\u0119z\u0142a ma\u0142\u017ce\u0144skiego, wymaga zar\u00f3wno szczeg\u00f3lna wsp\u00f3lnota m\u0119\u017cczyzny i kobiety, jak r\u00f3wnie\u017c dobro dzieci.<br>Autentyczna, prawdziwa mi\u0142o\u015b\u0107 ma\u0142\u017ce\u0144ska z natury swojej nastawiona jest na zrodzenie i wychowanie potomstwa. Wypowiada si\u0119 w dziecku. Dzieci s\u0105 owocem mi\u0142o\u015bci rodzic\u00f3w i ?s\u0105 najcenniejszym darem ma\u0142\u017ce\u0144stwa?, a ?rodzicom przynosz\u0105 najwi\u0119cej dobra? (KDK 50). Innym celem ma\u0142\u017ce\u0144stwa jest doprowadzenie do pe\u0142nego rozwoju i dojrza\u0142o\u015bci mi\u0142o\u015bci mi\u0119dzy ma\u0142\u017conkami, a tak\u017ce wzajemna pomoc w d\u0105\u017ceniu do \u015bwi\u0119to\u015bci i dojrza\u0142o\u015bci chrze\u015bcija\u0144skiej.<\/p>\n","protected":false},"excerpt":{"rendered":"<p>Jezus rzek\u0142: Dlatego opu\u015bci cz\u0142owiek ojca i matk\u0119 i z\u0142\u0105czy si\u0119 ze swoj\u0105 \u017con\u0105, i b\u0119d\u0105 oboje jednym cia\u0142em. A tak ju\u017c nie s\u0105 dwoje, lecz jedno cia\u0142o. Co wi\u0119c B\u00f3g z\u0142\u0105czy\u0142, niech cz\u0142owiek nie rozdziela? (Mt 19, 5-6)?Przymierze ma\u0142\u017ce\u0144skie, przez kt\u00f3re m\u0119\u017cczyzna i kobieta tworz\u0105 ze sob\u0105 wsp\u00f3lnot\u0119, ca\u0142ego \u017cycia, skierowan\u0105 ze swej natury &hellip; <a href=\"https:\/\/parafia-duszniki.pl\/index.php\/malzenstwo\/\" class=\"more-link\">Czytaj dalej<span class=\"screen-reader-text\"> \u201eMa\u0142\u017ce\u0144stwo\u201d<\/span><\/a><\/p>\n","protected":false},"author":1,"featured_media":0,"parent":0,"menu_order":0,"comment_status":"closed","ping_status":"closed","template":"","meta":{"ngg_post_thumbnail":0,"footnotes":""},"class_list":["post-52","page","type-page","status-publish","hentry"],"_links":{"self":[{"href":"https:\/\/parafia-duszniki.pl\/index.php\/wp-json\/wp\/v2\/pages\/52","targetHints":{"allow":["GET"]}}],"collection":[{"href":"https:\/\/parafia-duszniki.pl\/index.php\/wp-json\/wp\/v2\/pages"}],"about":[{"href":"https:\/\/parafia-duszniki.pl\/index.php\/wp-json\/wp\/v2\/types\/page"}],"author":[{"embeddable":true,"href":"https:\/\/parafia-duszniki.pl\/index.php\/wp-json\/wp\/v2\/users\/1"}],"replies":[{"embeddable":true,"href":"https:\/\/parafia-duszniki.pl\/index.php\/wp-json\/wp\/v2\/comments?post=52"}],"version-history":[{"count":2,"href":"https:\/\/parafia-duszniki.pl\/index.php\/wp-json\/wp\/v2\/pages\/52\/revisions"}],"predecessor-version":[{"id":77,"href":"https:\/\/parafia-duszniki.pl\/index.php\/wp-json\/wp\/v2\/pages\/52\/revisions\/77"}],"wp:attachment":[{"href":"https:\/\/parafia-duszniki.pl\/index.php\/wp-json\/wp\/v2\/media?parent=52"}],"curies":[{"name":"wp","href":"https:\/\/api.w.org\/{rel}","templated":true}]}}