{"id":9086,"date":"2025-09-15T10:11:05","date_gmt":"2025-09-15T08:11:05","guid":{"rendered":"https:\/\/parafia-duszniki.pl\/?page_id=9086"},"modified":"2025-09-15T10:38:57","modified_gmt":"2025-09-15T08:38:57","slug":"standardy-ochrony-dzieci","status":"publish","type":"page","link":"https:\/\/parafia-duszniki.pl\/index.php\/standardy-ochrony-dzieci\/","title":{"rendered":"Standardy ochrony dzieci"},"content":{"rendered":"\n<p>Osob\u0105 zaufan\u0105 \u2013 odpowiedzialn\u0105 za przyjmowanie zg\u0142osze\u0144 o zdarzeniach dotycz\u0105cych przemocy wobec dzieci \u2013 jest w naszej parafii <br><strong>p. Magdalena Skubiszy\u0144ska tel. 61 29 19 497<\/strong><\/p>\n\n\n\n<p><\/p>\n\n\n\n<p><\/p>\n\n\n\n<div data-wp-interactive=\"core\/file\" class=\"wp-block-file\"><object data-wp-bind--hidden=\"!state.hasPdfPreview\" hidden class=\"wp-block-file__embed\" data=\"https:\/\/parafia-duszniki.pl\/wp-content\/uploads\/2025\/09\/ochrona-dzieci.pdf\" type=\"application\/pdf\" style=\"width:100%;height:600px\" aria-label=\"Osadzone z ochrona-dzieci.\"><\/object><a id=\"wp-block-file--media-5224cf20-985d-403f-9b0e-ece24d5b3acd\" href=\"https:\/\/parafia-duszniki.pl\/wp-content\/uploads\/2025\/09\/ochrona-dzieci.pdf\">ochrona-dzieci<\/a><a href=\"https:\/\/parafia-duszniki.pl\/wp-content\/uploads\/2025\/09\/ochrona-dzieci.pdf\" class=\"wp-block-file__button wp-element-button\" download aria-describedby=\"wp-block-file--media-5224cf20-985d-403f-9b0e-ece24d5b3acd\">Pobierz<\/a><\/div>\n\n\n\n<p><\/p>\n","protected":false},"excerpt":{"rendered":"<p>Osob\u0105 zaufan\u0105 \u2013 odpowiedzialn\u0105 za przyjmowanie zg\u0142osze\u0144 o zdarzeniach dotycz\u0105cych przemocy wobec dzieci \u2013 jest w naszej parafii p. Magdalena Skubiszy\u0144ska tel. 61 29 19 497 ochrona-dzieciPobierz<\/p>\n","protected":false},"author":1,"featured_media":0,"parent":0,"menu_order":0,"comment_status":"closed","ping_status":"closed","template":"","meta":{"ngg_post_thumbnail":0,"footnotes":""},"class_list":["post-9086","page","type-page","status-publish","hentry"],"_links":{"self":[{"href":"https:\/\/parafia-duszniki.pl\/index.php\/wp-json\/wp\/v2\/pages\/9086","targetHints":{"allow":["GET"]}}],"collection":[{"href":"https:\/\/parafia-duszniki.pl\/index.php\/wp-json\/wp\/v2\/pages"}],"about":[{"href":"https:\/\/parafia-duszniki.pl\/index.php\/wp-json\/wp\/v2\/types\/page"}],"author":[{"embeddable":true,"href":"https:\/\/parafia-duszniki.pl\/index.php\/wp-json\/wp\/v2\/users\/1"}],"replies":[{"embeddable":true,"href":"https:\/\/parafia-duszniki.pl\/index.php\/wp-json\/wp\/v2\/comments?post=9086"}],"version-history":[{"count":4,"href":"https:\/\/parafia-duszniki.pl\/index.php\/wp-json\/wp\/v2\/pages\/9086\/revisions"}],"predecessor-version":[{"id":9092,"href":"https:\/\/parafia-duszniki.pl\/index.php\/wp-json\/wp\/v2\/pages\/9086\/revisions\/9092"}],"wp:attachment":[{"href":"https:\/\/parafia-duszniki.pl\/index.php\/wp-json\/wp\/v2\/media?parent=9086"}],"curies":[{"name":"wp","href":"https:\/\/api.w.org\/{rel}","templated":true}]}}